{"id":66,"date":"2013-10-26T21:22:16","date_gmt":"2013-10-27T03:22:16","guid":{"rendered":"http:\/\/pacificschoolonline.org\/wp\/?page_id=66"},"modified":"2024-04-05T13:45:50","modified_gmt":"2024-04-05T19:45:50","slug":"contact-us","status":"publish","type":"page","link":"https:\/\/samarapacificschool.org\/es\/contact-us\/","title":{"rendered":"Contacto"},"content":{"rendered":"<div id=\"pl-66\"  class=\"panel-layout\" ><div id=\"pg-66-0\"  class=\"panel-grid panel-no-style\" ><div id=\"pgc-66-0-0\"  class=\"panel-grid-cell\" ><div id=\"panel-66-0-0-0\" class=\"so-panel widget widget_sow-headline panel-first-child\" data-index=\"0\" ><div class=\"panel-widget-style panel-widget-style-for-66-0-0-0\" ><div\n\t\t\t\n\t\t\tclass=\"so-widget-sow-headline so-widget-sow-headline-default-6deb7ca510ad-66\"\n\t\t\t\n\t\t><div class=\"sow-headline-container\">\n\t\t\t\t\t\t\t<h1 class=\"sow-headline\">\n\t\t\t\t\t\tP\u00f3ngase en contacto con nosotros\t\t\t\t\t\t<\/h1>\n\t\t\t\t\t\t\t\t\t\t\t<div class=\"decoration\">\n\t\t\t\t\t\t<div class=\"decoration-inside\"><\/div>\n\t\t\t\t\t<\/div>\n\t\t\t\t\t<\/div>\n<\/div><\/div><\/div><div id=\"panel-66-0-0-1\" class=\"so-panel widget widget_sow-editor panel-last-child\" data-index=\"1\" ><div\n\t\t\t\n\t\t\tclass=\"so-widget-sow-editor so-widget-sow-editor-base\"\n\t\t\t\n\t\t>\n<div class=\"siteorigin-widget-tinymce textwidget\">\n\t<p style=\"text-align: center;\">\u00bfEst\u00e1 interesado en inscribir a su(s) hijo(s) en S\u00e1mara Pacific School, pero tiene algunas preguntas de antemano? \u00bfEst\u00e1 buscando m\u00e1s informaci\u00f3n sobre nuestros programas, matr\u00edcula, transporte, o nuestro plan de estudios? Por favor, p\u00f3ngase en contacto con nosotros. Estaremos encantados de ponernos en contacto con usted.<\/p>\n<\/div>\n<\/div><\/div><\/div><\/div><div id=\"pg-66-1\"  class=\"panel-grid panel-has-style\" ><div class=\"animate-69ead803b456e612306505 panels-animation-hide panel-row-style panel-row-style-for-66-1\" data-so-animation=\"{&quot;selector&quot;:&quot;.animate-69ead803b456e612306505&quot;,&quot;animation&quot;:&quot;bounceInDown&quot;,&quot;breakpoint&quot;:&quot;780px&quot;,&quot;duration&quot;:1,&quot;repeat&quot;:0,&quot;hide&quot;:1,&quot;disableAnimationMobile&quot;:0,&quot;finalState&quot;:&quot;visible&quot;,&quot;delay&quot;:0,&quot;debounce&quot;:0.1000000000000000055511151231257827021181583404541015625,&quot;event&quot;:&quot;enter&quot;,&quot;offset&quot;:0}\" ><div id=\"pgc-66-1-0\"  class=\"panel-grid-cell\" ><div class=\"panel-cell-style panel-cell-style-for-66-1-0\" ><div id=\"panel-66-1-0-0\" class=\"so-panel widget widget_sow-headline panel-first-child\" data-index=\"2\" ><div class=\"panel-widget-style panel-widget-style-for-66-1-0-0\" ><div\n\t\t\t\n\t\t\tclass=\"so-widget-sow-headline so-widget-sow-headline-default-b335a13e47a1-66\"\n\t\t\t\n\t\t><div class=\"sow-headline-container\">\n\t\t\t\t\t\t\t<h2 class=\"sow-headline\">\n\t\t\t\t\t\tChateemos\t\t\t\t\t\t<\/h2>\n\t\t\t\t\t\t<\/div>\n<\/div><\/div><\/div><div id=\"panel-66-1-0-1\" class=\"so-panel widget widget_sow-icon\" data-index=\"3\" ><div\n\t\t\t\n\t\t\tclass=\"so-widget-sow-icon so-widget-sow-icon-default-1e0b0a23eea8-66\"\n\t\t\t\n\t\t>\n<div class=\"sow-icon-container sow-icon\">\n\t\t\t<span class=\"sow-icon-ionicons\" data-sow-icon=\"&#xf3a2;\"\n\t\t title=\"Call or Message Our School Directors\"\n\t\taria-hidden=\"true\"><\/span>\t<\/div>\n<\/div><\/div><div id=\"panel-66-1-0-2\" class=\"so-panel widget widget_sow-features\" data-index=\"4\" ><div\n\t\t\t\n\t\t\tclass=\"so-widget-sow-features so-widget-sow-features-default-b4d1b54bf8f2-66\"\n\t\t\t\n\t\t><ul\n\tclass=\"sow-features-list\tsow-features-responsive\">\n\n\t\t\t<li\n\t\t\tclass=\"sow-features-feature sow-icon-container-position-top\"\n\t\t\tstyle=\"display: flex; flex-direction: column; width: calc(50% - 25px);\"\n\t\t>\n\t\t\t\n\t\t\t\t\t\t<div\t\t\t\tclass=\"sow-icon-container sow-container-none\"\n\t\t\t\tstyle=\"color: ; \"\n\t\t\t\t\n\t\t\t\t\t\t\t>\n\t\t\t\t\t\t\t<\/div>\n\n\t\t\t<div class=\"textwidget\">\n\t\t\t\t\n\t\t\t\t\t\t\t\t\t<h3 class=\"sow-features-feature-title\">\n\t\t\t\t\t\tDirectora Preescolar Miss Hazel\t\t\t\t\t<\/h3>\n\t\t\t\t\n\t\t\t\t\t\t\t\t\t<div class=\"sow-features-feature-text\">\n\t\t\t\t\t<p><img loading=\"lazy\" decoding=\"async\" class=\"size-medium wp-image-3194 aligncenter\" src=\"https:\/\/samarapacificschool.org\/wp-content\/uploads\/SPS_staff_Hazel-300x225.jpg\" alt=\"miss hazel samara pacific school\" width=\"300\" height=\"225\" srcset=\"https:\/\/samarapacificschool.org\/wp-content\/uploads\/SPS_staff_Hazel-300x225.jpg 300w, https:\/\/samarapacificschool.org\/wp-content\/uploads\/SPS_staff_Hazel-1024x768.jpg 1024w, https:\/\/samarapacificschool.org\/wp-content\/uploads\/SPS_staff_Hazel-768x576.jpg 768w, https:\/\/samarapacificschool.org\/wp-content\/uploads\/SPS_staff_Hazel.jpg 1280w\" sizes=\"auto, (max-width: 300px) 100vw, 300px\" \/><\/p>\n<h3 style=\"text-align: center\"><span style=\"font-weight: 400\">+506 8641 4518<\/span><\/h3>\n\t\t\t\t\t<\/div>\n\t\t\t\t\t\t\t\t<\/div>\n\t\t\t\t\t\t\t\t<\/li>\n\n\t\t\t<li\n\t\t\tclass=\"sow-features-feature sow-icon-container-position-top\"\n\t\t\tstyle=\"display: flex; flex-direction: column; width: calc(50% - 25px);\"\n\t\t>\n\t\t\t\n\t\t\t\t\t\t<div\t\t\t\tclass=\"sow-icon-container sow-container-none\"\n\t\t\t\tstyle=\"color: ; \"\n\t\t\t\t\n\t\t\t\t\t\t\t>\n\t\t\t\t\t\t\t<\/div>\n\n\t\t\t<div class=\"textwidget\">\n\t\t\t\t\n\t\t\t\t\t\t\t\t\t<h3 class=\"sow-features-feature-title\">\n\t\t\t\t\t\tDirectora Primaria Miss Kimberly\t\t\t\t\t<\/h3>\n\t\t\t\t\n\t\t\t\t\t\t\t\t\t<div class=\"sow-features-feature-text\">\n\t\t\t\t\t<p><img loading=\"lazy\" decoding=\"async\" class=\"alignnone size-medium wp-image-3195 aligncenter\" src=\"https:\/\/samarapacificschool.org\/wp-content\/uploads\/SPS_staff_Kimberly-300x225.jpg\" alt=\"miss kimberly samara pacific school\" width=\"300\" height=\"225\" srcset=\"https:\/\/samarapacificschool.org\/wp-content\/uploads\/SPS_staff_Kimberly-300x225.jpg 300w, https:\/\/samarapacificschool.org\/wp-content\/uploads\/SPS_staff_Kimberly-1024x768.jpg 1024w, https:\/\/samarapacificschool.org\/wp-content\/uploads\/SPS_staff_Kimberly-768x576.jpg 768w, https:\/\/samarapacificschool.org\/wp-content\/uploads\/SPS_staff_Kimberly.jpg 1280w\" sizes=\"auto, (max-width: 300px) 100vw, 300px\" \/><\/p>\n<h3 style=\"text-align: center\"><span style=\"font-weight: 400\">+506 8388 9169<\/span><\/h3>\n\t\t\t\t\t<\/div>\n\t\t\t\t\t\t\t\t<\/div>\n\t\t\t\t\t\t\t\t<\/li>\n\n\t<\/ul>\n<\/div><\/div><div id=\"panel-66-1-0-3\" class=\"so-panel widget widget_sow-features panel-last-child\" data-index=\"5\" ><div\n\t\t\t\n\t\t\tclass=\"so-widget-sow-features so-widget-sow-features-default-849ba4fcd06d-66\"\n\t\t\t\n\t\t><ul\n\tclass=\"sow-features-list\tsow-features-responsive\">\n\n\t\t\t<li\n\t\t\tclass=\"sow-features-feature sow-icon-container-position-top\"\n\t\t\tstyle=\"display: flex; flex-direction: column; width: calc(100% - 25px);\"\n\t\t>\n\t\t\t\n\t\t\t\t\t\t<div\t\t\t\tclass=\"sow-icon-container sow-container-none\"\n\t\t\t\tstyle=\"color: ; \"\n\t\t\t\t\n\t\t\t\t\t\t\t>\n\t\t\t\t<span class=\"sow-icon-ionicons\" data-sow-icon=\"&#xf132;\"\n\t\tstyle=\"font-size: 32px; color: #a70023\" \n\t\taria-hidden=\"true\"><\/span>\t\t\t<\/div>\n\n\t\t\t<div class=\"textwidget\">\n\t\t\t\t\n\t\t\t\t\t\t\t\t\t<h3 class=\"sow-features-feature-title\">\n\t\t\t\t\t\tEscr\u00edbenos a\t\t\t\t\t<\/h3>\n\t\t\t\t\n\t\t\t\t\t\t\t\t\t<div class=\"sow-features-feature-text\">\n\t\t\t\t\t<p><span style=\"font-weight: 400\">samarapacificschool21@gmail.com<\/span><\/p>\n\t\t\t\t\t<\/div>\n\t\t\t\t\t\t\t\t<\/div>\n\t\t\t\t\t\t\t\t<\/li>\n\n\t<\/ul>\n<\/div><\/div><\/div><\/div><div id=\"pgc-66-1-1\"  class=\"panel-grid-cell\" ><div class=\"panel-cell-style panel-cell-style-for-66-1-1\" ><div id=\"panel-66-1-1-0\" class=\"so-panel widget widget_sow-editor panel-first-child panel-last-child\" data-index=\"6\" ><div class=\"panel-widget-style panel-widget-style-for-66-1-1-0\" ><div\n\t\t\t\n\t\t\tclass=\"so-widget-sow-editor so-widget-sow-editor-base\"\n\t\t\t\n\t\t>\n<div class=\"siteorigin-widget-tinymce textwidget\">\n\t<h2 style=\"text-align: left;\"><span style=\"color: #343590;\">Rellene nuestro breve formulario de contacto<\/span><\/h2>\n<p style=\"text-align: left;\">\n<div class=\"wpcf7 no-js\" id=\"wpcf7-f1948-o1\" lang=\"en-US\" dir=\"ltr\" data-wpcf7-id=\"1948\">\n<div class=\"screen-reader-response\"><p role=\"status\" aria-live=\"polite\" aria-atomic=\"true\"><\/p> <ul><\/ul><\/div>\n<form action=\"\/es\/wp-json\/wp\/v2\/pages\/66#wpcf7-f1948-o1\" method=\"post\" class=\"wpcf7-form init\" aria-label=\"Contact form\" novalidate=\"novalidate\" data-status=\"init\" data-trp-original-action=\"\/es\/wp-json\/wp\/v2\/pages\/66#wpcf7-f1948-o1\">\n<fieldset class=\"hidden-fields-container\"><input type=\"hidden\" name=\"_wpcf7\" value=\"1948\" \/><input type=\"hidden\" name=\"_wpcf7_version\" value=\"6.1.5\" \/><input type=\"hidden\" name=\"_wpcf7_locale\" value=\"en_US\" \/><input type=\"hidden\" name=\"_wpcf7_unit_tag\" value=\"wpcf7-f1948-o1\" \/><input type=\"hidden\" name=\"_wpcf7_container_post\" value=\"0\" \/><input type=\"hidden\" name=\"_wpcf7_posted_data_hash\" value=\"\" \/><input type=\"hidden\" name=\"_wpcf7_recaptcha_response\" value=\"\" \/>\n<\/fieldset>\n<p><label> Su Nombre<br \/>\n<span class=\"wpcf7-form-control-wrap\" data-name=\"your-name\"><input size=\"40\" maxlength=\"400\" class=\"wpcf7-form-control wpcf7-text wpcf7-validates-as-required\" aria-required=\"true\" aria-invalid=\"false\" value=\"\" type=\"text\" name=\"your-name\" \/><\/span> <\/label>\n<\/p>\n<p><label> Su correo<br \/>\n<span class=\"wpcf7-form-control-wrap\" data-name=\"your-email\"><input size=\"40\" maxlength=\"400\" class=\"wpcf7-form-control wpcf7-email wpcf7-validates-as-required wpcf7-text wpcf7-validates-as-email\" aria-required=\"true\" aria-invalid=\"false\" value=\"\" type=\"email\" name=\"your-email\" \/><\/span> <\/label>\n<\/p>\n<p><input type=\"checkbox\" \/> Duraci\u00f3n de la matr\u00edcula<br \/>\n<span class=\"wpcf7-form-control-wrap\" data-name=\"EnrollmentDuration\"><select class=\"wpcf7-form-control wpcf7-select\" aria-invalid=\"false\" name=\"EnrollmentDuration\"><option value=\"\">&#8212;Please choose an option&#8212;<\/option><option value=\"long-term\">long-term<\/option><option value=\"short-term\">short-term<\/option><option value=\"not sure yet\">not sure yet<\/option><\/select><\/span>\n<\/p>\n<p><label> Su mensaje (opcional)<br \/>\n<span class=\"wpcf7-form-control-wrap\" data-name=\"your-message\"><textarea cols=\"40\" rows=\"10\" maxlength=\"2000\" class=\"wpcf7-form-control wpcf7-textarea\" aria-invalid=\"false\" name=\"your-message\"><\/textarea><\/span> <\/label>\n<\/p>\n<span class=\"wpcf7-form-control-wrap recaptcha\" data-name=\"recaptcha\"><span data-sitekey=\"6LcLr8wpAAAAAE5U6ZHbIRvaLIxPvSBDry3lAvGP\" class=\"wpcf7-form-control wpcf7-recaptcha g-recaptcha\"><\/span>\r\n<noscript>\r\n\t<div class=\"grecaptcha-noscript\">\r\n\t\t<iframe loading=\"lazy\" src=\"https:\/\/www.google.com\/recaptcha\/api\/fallback?k=6LcLr8wpAAAAAE5U6ZHbIRvaLIxPvSBDry3lAvGP\" frameborder=\"0\" scrolling=\"no\" width=\"310\" height=\"430\">\r\n\t\t<\/iframe>\r\n\t\t<textarea name=\"g-recaptcha-response\" rows=\"3\" cols=\"40\" placeholder=\"reCaptcha Response Here\">\r\n\t\t<\/textarea>\r\n\t<\/div>\r\n<\/noscript>\r\n<\/span>\n<p><input class=\"wpcf7-form-control wpcf7-submit has-spinner\" type=\"submit\" value=\"Enviar\" \/>\n<\/p><p style=\"display: none !important;\" class=\"akismet-fields-container\" data-prefix=\"_wpcf7_ak_\"><label>&#916;<textarea name=\"_wpcf7_ak_hp_textarea\" cols=\"45\" rows=\"8\" maxlength=\"100\"><\/textarea><\/label><input type=\"hidden\" id=\"ak_js_1\" name=\"_wpcf7_ak_js\" value=\"48\"\/><script>document.getElementById( \"ak_js_1\" ).setAttribute( \"value\", ( new Date() ).getTime() );<\/script><\/p><div class=\"wpcf7-response-output\" aria-hidden=\"true\"><\/div>\n<input type=\"hidden\" name=\"trp-form-language\" value=\"es\"\/><\/form>\n<\/div>\n<\/p>\n<\/div>\n<\/div><\/div><\/div><\/div><\/div><\/div><\/div><div id=\"pg-66-2\"  class=\"panel-grid panel-has-style\" ><div class=\"panel-row-style panel-row-style-for-66-2\" ><div id=\"pgc-66-2-0\"  class=\"panel-grid-cell\" ><div id=\"panel-66-2-0-0\" class=\"so-panel widget widget_sow-headline panel-first-child\" data-index=\"7\" ><div\n\t\t\t\n\t\t\tclass=\"so-widget-sow-headline so-widget-sow-headline-default-b335a13e47a1-66\"\n\t\t\t\n\t\t><div class=\"sow-headline-container\">\n\t\t\t\t\t\t\t<h2 class=\"sow-headline\">\n\t\t\t\t\t\tVisite nuestra escuela\t\t\t\t\t\t<\/h2>\n\t\t\t\t\t\t<\/div>\n<\/div><\/div><div id=\"panel-66-2-0-1\" class=\"so-panel widget widget_sow-editor panel-last-child\" data-index=\"8\" ><div\n\t\t\t\n\t\t\tclass=\"so-widget-sow-editor so-widget-sow-editor-base\"\n\t\t\t\n\t\t>\n<div class=\"siteorigin-widget-tinymce textwidget\">\n\t<div class=\"map-responsive\">\n<iframe src=\"https:\/\/www.google.com\/maps\/embed?pb=!1m14!1m8!1m3!1d3930.3412379613737!2d-85.546866!3d9.9055111!3m2!1i1024!2i768!4f13.1!3m3!1m2!1s0x8f9faa0e729d94f3%3A0xa15255d1c2ca38b6!2sSamara%20Pacific%20School!5e0!3m2!1sen!2scr!4v1667419679726!5m2!1sen!2scr\" width=\"100%\" height=\"400px\" style=\"border:0;\" allowfullscreen=\"\" loading=\"lazy\" referrerpolicy=\"no-referrer-when-downgrade\"><\/iframe>\n<\/div>\n<\/div>\n<\/div><\/div><\/div><\/div><\/div><div id=\"pg-66-3\"  class=\"panel-grid panel-has-style\" ><div class=\"siteorigin-panels-stretch panel-row-style panel-row-style-for-66-3\" data-stretch-type=\"full\" ><div id=\"pgc-66-3-0\"  class=\"panel-grid-cell\" ><div class=\"panel-cell-style panel-cell-style-for-66-3-0\" ><div id=\"panel-66-3-0-0\" class=\"so-panel widget widget_sow-headline panel-first-child\" data-index=\"9\" ><div\n\t\t\t\n\t\t\tclass=\"so-widget-sow-headline so-widget-sow-headline-default-ea2f82bfb44e-66\"\n\t\t\t\n\t\t><div class=\"sow-headline-container\">\n\t\t\t\t\t\t\t<h2 class=\"sow-headline\">\n\t\t\t\t\t\tSuscr\u00edbase a nuestra lista de correo\t\t\t\t\t\t<\/h2>\n\t\t\t\t\t\t<\/div>\n<\/div><\/div><div id=\"panel-66-3-0-1\" class=\"so-panel widget widget_mc4wp_form_widget panel-last-child\" data-index=\"10\" ><div class=\"panel-widget-style panel-widget-style-for-66-3-0-1\" ><h3 class=\"widget-title\">Reciba notificaciones sobre noticias interesantes de la escuela.<\/h3><script>(function() {\n\twindow.mc4wp = window.mc4wp || {\n\t\tlisteners: [],\n\t\tforms: {\n\t\t\ton: function(evt, cb) {\n\t\t\t\twindow.mc4wp.listeners.push(\n\t\t\t\t\t{\n\t\t\t\t\t\tevent   : evt,\n\t\t\t\t\t\tcallback: cb\n\t\t\t\t\t}\n\t\t\t\t);\n\t\t\t}\n\t\t}\n\t}\n})();\n<\/script><!-- Mailchimp for WordPress v4.12.2 - https:\/\/wordpress.org\/plugins\/mailchimp-for-wp\/ --><form id=\"mc4wp-form-1\" class=\"mc4wp-form mc4wp-form-3039\" method=\"post\" data-id=\"3039\" data-name=\"Newsletter - Non Profit Projects\" action=\"\" ><div class=\"mc4wp-form-fields\"><p>\r\n    <label>Nombre<\/label>\r\n    <input type=\"text\" name=\"FNAME\" placeholder=\"Su primer nombre\">\r\n<\/p>\r\n<p>\r\n\t<label>Su correo \r\n\t\t<input type=\"email\" name=\"EMAIL\" placeholder=\"Su correo\" required \/>\r\n<\/label>\r\n<\/p>\r\n\r\n<p>\r\n\t<input type=\"submit\" value=\"Inscribirse\" \/>\r\n<\/p><\/div><label style=\"display: none !important;\">Deje el campo en blanco si es una persona: <input type=\"text\" name=\"_mc4wp_honeypot\" value=\"\" tabindex=\"-1\" autocomplete=\"off\" \/><\/label><input type=\"hidden\" name=\"_mc4wp_timestamp\" value=\"1776998403\" \/><input type=\"hidden\" name=\"_mc4wp_form_id\" value=\"3039\" \/><input type=\"hidden\" name=\"_mc4wp_form_element_id\" value=\"mc4wp-form-1\" \/><div class=\"mc4wp-response\"><\/div><input type=\"hidden\" name=\"trp-form-language\" value=\"es\"\/><\/form><!-- \/ Mailchimp for WordPress Plugin --><\/div><\/div><\/div><\/div><div id=\"pgc-66-3-1\"  class=\"panel-grid-cell\" ><div class=\"panel-cell-style panel-cell-style-for-66-3-1\" ><div id=\"panel-66-3-1-0\" class=\"so-panel widget widget_sow-image panel-first-child panel-last-child\" data-index=\"11\" ><div class=\"panel-widget-style panel-widget-style-for-66-3-1-0\" ><div\n\t\t\t\n\t\t\tclass=\"so-widget-sow-image so-widget-sow-image-default-c67d20f9f743-66\"\n\t\t\t\n\t\t>\n<div class=\"sow-image-container\">\n\t\t<img \n\tsrc=\"https:\/\/samarapacificschool.org\/wp-content\/uploads\/IMG-20220531-WA0051-1-e1667426730606.jpg\" width=\"1280\" height=\"796\" srcset=\"https:\/\/samarapacificschool.org\/wp-content\/uploads\/IMG-20220531-WA0051-1-e1667426730606.jpg 1280w, https:\/\/samarapacificschool.org\/wp-content\/uploads\/IMG-20220531-WA0051-1-e1667426730606-300x187.jpg 300w, https:\/\/samarapacificschool.org\/wp-content\/uploads\/IMG-20220531-WA0051-1-e1667426730606-1024x637.jpg 1024w, https:\/\/samarapacificschool.org\/wp-content\/uploads\/IMG-20220531-WA0051-1-e1667426730606-768x478.jpg 768w, https:\/\/samarapacificschool.org\/wp-content\/uploads\/IMG-20220531-WA0051-1-e1667426730606-480x300.jpg 480w\" sizes=\"(max-width: 1280px) 100vw, 1280px\" title=\"Samara Pacific School\" alt=\"samara pacific school\" \t\tclass=\"so-widget-image\"\/>\n\t<\/div>\n\n<\/div><\/div><\/div><\/div><\/div><\/div><\/div><\/div>","protected":false},"excerpt":{"rendered":"<p>Are you interested in enrolling your child(ren) at S\u00e1mara Pacific School, but have a few questions beforehand? Are you looking for more information about our programs, tuition, transportation, or our &#8230;<\/p>","protected":false},"author":1,"featured_media":3190,"parent":0,"menu_order":8,"comment_status":"open","ping_status":"closed","template":"","meta":{"footnotes":""},"class_list":["post-66","page","type-page","status-publish","has-post-thumbnail","hentry"],"_links":{"self":[{"href":"https:\/\/samarapacificschool.org\/es\/wp-json\/wp\/v2\/pages\/66","targetHints":{"allow":["GET"]}}],"collection":[{"href":"https:\/\/samarapacificschool.org\/es\/wp-json\/wp\/v2\/pages"}],"about":[{"href":"https:\/\/samarapacificschool.org\/es\/wp-json\/wp\/v2\/types\/page"}],"author":[{"embeddable":true,"href":"https:\/\/samarapacificschool.org\/es\/wp-json\/wp\/v2\/users\/1"}],"replies":[{"embeddable":true,"href":"https:\/\/samarapacificschool.org\/es\/wp-json\/wp\/v2\/comments?post=66"}],"version-history":[{"count":111,"href":"https:\/\/samarapacificschool.org\/es\/wp-json\/wp\/v2\/pages\/66\/revisions"}],"predecessor-version":[{"id":4325,"href":"https:\/\/samarapacificschool.org\/es\/wp-json\/wp\/v2\/pages\/66\/revisions\/4325"}],"wp:featuredmedia":[{"embeddable":true,"href":"https:\/\/samarapacificschool.org\/es\/wp-json\/wp\/v2\/media\/3190"}],"wp:attachment":[{"href":"https:\/\/samarapacificschool.org\/es\/wp-json\/wp\/v2\/media?parent=66"}],"curies":[{"name":"wp","href":"https:\/\/api.w.org\/{rel}","templated":true}]}}