{"id":43,"date":"2013-10-26T21:07:30","date_gmt":"2013-10-27T03:07:30","guid":{"rendered":"http:\/\/pacificschoolonline.org\/wp\/?page_id=43"},"modified":"2023-11-05T15:07:22","modified_gmt":"2023-11-05T21:07:22","slug":"philosophy","status":"publish","type":"page","link":"https:\/\/samarapacificschool.org\/es\/philosophy\/","title":{"rendered":"Filosof\u00eda de la Escuela"},"content":{"rendered":"<div id=\"pl-43\"  class=\"panel-layout\" ><div id=\"pg-43-0\"  class=\"panel-grid panel-has-style\" ><div class=\"panel-row-style panel-row-style-for-43-0\" ><div id=\"pgc-43-0-0\"  class=\"panel-grid-cell\" ><div id=\"panel-43-0-0-0\" class=\"so-panel widget widget_sow-headline panel-first-child\" data-index=\"0\" ><div\n\t\t\t\n\t\t\tclass=\"so-widget-sow-headline so-widget-sow-headline-default-6deb7ca510ad-43\"\n\t\t\t\n\t\t><div class=\"sow-headline-container\">\n\t\t\t\t\t\t\t<h1 class=\"sow-headline\">\n\t\t\t\t\t\tCreencias y Filosof\u00eda de Nuestra Escuela\t\t\t\t\t\t<\/h1>\n\t\t\t\t\t\t\t\t\t\t\t<div class=\"decoration\">\n\t\t\t\t\t\t<div class=\"decoration-inside\"><\/div>\n\t\t\t\t\t<\/div>\n\t\t\t\t\t\t\t\t\t\t\t<h3 class=\"sow-sub-headline\">\n\t\t\t\t\t\tLa escuela cree firmemente que cuanto m\u00e1s divertida y creativa sea la transmisi\u00f3n de un conocimiento, mejor lo aprender\u00e1 y retendr\u00e1 el ni\u00f1o.\t\t\t\t\t\t<\/h3>\n\t\t\t\t\t\t<\/div>\n<\/div><\/div><div id=\"panel-43-0-0-1\" class=\"so-panel widget widget_sow-editor panel-last-child\" data-index=\"1\" ><div\n\t\t\t\n\t\t\tclass=\"so-widget-sow-editor so-widget-sow-editor-base\"\n\t\t\t\n\t\t>\n<div class=\"siteorigin-widget-tinymce textwidget\">\n\t<p style=\"text-align: center;\">Nuestra misi\u00f3n es formar a nuestros alumnos como ciudadanos del mundo responsables, con s\u00f3lidas aptitudes acad\u00e9micas, curiosos, con sentido de la moral y que interact\u00faen positivamente con el mundo que les rodea.<\/p>\n<\/div>\n<\/div><\/div><\/div><\/div><\/div><div id=\"pg-43-1\"  class=\"panel-grid panel-has-style\" ><div class=\"animate-69eae97ca2461681016789 panels-animation-hide panel-row-style panel-row-style-for-43-1\" data-so-animation=\"{&quot;selector&quot;:&quot;.animate-69eae97ca2461681016789&quot;,&quot;animation&quot;:&quot;zoomIn&quot;,&quot;breakpoint&quot;:&quot;780px&quot;,&quot;duration&quot;:1,&quot;repeat&quot;:0,&quot;hide&quot;:1,&quot;disableAnimationMobile&quot;:0,&quot;finalState&quot;:&quot;visible&quot;,&quot;delay&quot;:0,&quot;debounce&quot;:0.1000000000000000055511151231257827021181583404541015625,&quot;event&quot;:&quot;enter&quot;,&quot;offset&quot;:0}\" ><div id=\"pgc-43-1-0\"  class=\"panel-grid-cell\" ><div id=\"panel-43-1-0-0\" class=\"so-panel widget widget_sow-image panel-first-child panel-last-child\" data-index=\"2\" ><div class=\"animate-69eae97ca24ce723175262 panels-animation-hide panel-widget-style panel-widget-style-for-43-1-0-0\" data-so-animation=\"{&quot;selector&quot;:&quot;.animate-69eae97ca24ce723175262&quot;,&quot;animation&quot;:&quot;bounceInLeft&quot;,&quot;breakpoint&quot;:&quot;780px&quot;,&quot;duration&quot;:1,&quot;repeat&quot;:0,&quot;hide&quot;:1,&quot;disableAnimationMobile&quot;:0,&quot;finalState&quot;:&quot;visible&quot;,&quot;delay&quot;:0,&quot;debounce&quot;:0.1000000000000000055511151231257827021181583404541015625,&quot;event&quot;:&quot;enter&quot;,&quot;offset&quot;:0}\" ><div\n\t\t\t\n\t\t\tclass=\"so-widget-sow-image so-widget-sow-image-default-4e6925654b7a-43\"\n\t\t\t\n\t\t>\n<div class=\"sow-image-container\">\n\t\t<img \n\tsrc=\"https:\/\/samarapacificschool.org\/wp-content\/uploads\/SPS_philosophy_page_background_vertical-e1664910398273.jpg\" width=\"768\" height=\"808\" srcset=\"https:\/\/samarapacificschool.org\/wp-content\/uploads\/SPS_philosophy_page_background_vertical-e1664910398273.jpg 768w, https:\/\/samarapacificschool.org\/wp-content\/uploads\/SPS_philosophy_page_background_vertical-e1664910398273-285x300.jpg 285w\" sizes=\"(max-width: 768px) 100vw, 768px\" title=\"SPS_philosophy_page_background_vertical\" alt=\"\" \t\tclass=\"so-widget-image\"\/>\n\t<\/div>\n\n<\/div><\/div><\/div><\/div><div id=\"pgc-43-1-1\"  class=\"panel-grid-cell\" ><div class=\"animate-69eae97ca3923710263904 panels-animation-hide panel-cell-style panel-cell-style-for-43-1-1\" data-so-animation=\"{&quot;selector&quot;:&quot;.animate-69eae97ca3923710263904&quot;,&quot;animation&quot;:&quot;pulse&quot;,&quot;breakpoint&quot;:&quot;780px&quot;,&quot;duration&quot;:1,&quot;repeat&quot;:0,&quot;hide&quot;:1,&quot;disableAnimationMobile&quot;:0,&quot;finalState&quot;:&quot;visible&quot;,&quot;delay&quot;:0,&quot;debounce&quot;:0.1000000000000000055511151231257827021181583404541015625,&quot;event&quot;:&quot;enter&quot;,&quot;offset&quot;:0}\" ><div id=\"panel-43-1-1-0\" class=\"so-panel widget widget_sow-editor panel-first-child panel-last-child\" data-index=\"3\" ><div class=\"panel-widget-style panel-widget-style-for-43-1-1-0\" ><div\n\t\t\t\n\t\t\tclass=\"so-widget-sow-editor so-widget-sow-editor-base\"\n\t\t\t\n\t\t>\n<div class=\"siteorigin-widget-tinymce textwidget\">\n\t<h2><span style=\"color: #ffffff;\">Nuestra Filosof\u00eda<\/span><\/h2>\n<p>La filosof\u00eda de S\u00e1mara Pacific School es integrar a toda la comunidad ofreciendo matr\u00edculas accesibles para las familias locales de la zona.<br \/>\nLa escuela desea tener un impacto a nivel local para que se practiquen y celebren las ricas tradiciones de Costa Rica, pero se cambien los viejos h\u00e1bitos, por ejemplo en detrimento del medio ambiente, y se pueda mejorar el futuro de nuestra comunidad mediante la tolerancia, la comprensi\u00f3n y la responsabilidad.<\/p>\n<\/div>\n<\/div><\/div><\/div><\/div><\/div><\/div><\/div><div id=\"pg-43-2\"  class=\"panel-grid panel-has-style\" ><div class=\"panel-row-style panel-row-style-for-43-2\" ><div id=\"pgc-43-2-0\"  class=\"panel-grid-cell\" ><div id=\"panel-43-2-0-0\" class=\"so-panel widget widget_sow-headline panel-first-child\" data-index=\"4\" ><div\n\t\t\t\n\t\t\tclass=\"so-widget-sow-headline so-widget-sow-headline-default-900407756e9a-43\"\n\t\t\t\n\t\t><div class=\"sow-headline-container\">\n\t\t\t\t\t\t\t<h2 class=\"sow-headline\">\n\t\t\t\t\t\tNuestros Valores Fundamentales\t\t\t\t\t\t<\/h2>\n\t\t\t\t\t\t\t\t\t\t\t<div class=\"decoration\">\n\t\t\t\t\t\t<div class=\"decoration-inside\"><\/div>\n\t\t\t\t\t<\/div>\n\t\t\t\t\t<\/div>\n<\/div><\/div><div id=\"panel-43-2-0-1\" class=\"so-panel widget widget_sow-features panel-last-child\" data-index=\"5\" ><div class=\"animate-69eae97ca3c47072506823 panels-animation-hide panel-widget-style panel-widget-style-for-43-2-0-1\" data-so-animation=\"{&quot;selector&quot;:&quot;.animate-69eae97ca3c47072506823&quot;,&quot;animation&quot;:&quot;heartBeat&quot;,&quot;breakpoint&quot;:&quot;780px&quot;,&quot;duration&quot;:1,&quot;repeat&quot;:0,&quot;hide&quot;:1,&quot;disableAnimationMobile&quot;:0,&quot;finalState&quot;:&quot;visible&quot;,&quot;delay&quot;:0,&quot;debounce&quot;:0.1000000000000000055511151231257827021181583404541015625,&quot;event&quot;:&quot;enter&quot;,&quot;offset&quot;:0}\" ><div\n\t\t\t\n\t\t\tclass=\"so-widget-sow-features so-widget-sow-features-default-69694f1fcc9e-43\"\n\t\t\t\n\t\t><ul\n\tclass=\"sow-features-list\tsow-features-responsive\">\n\n\t\t\t<li\n\t\t\tclass=\"sow-features-feature sow-icon-container-position-top\"\n\t\t\tstyle=\"display: flex; flex-direction: column; width: calc(33.333% - 25px);\"\n\t\t>\n\t\t\t\n\t\t\t\t\t\t<div\t\t\t\tclass=\"sow-icon-container sow-container-none\"\n\t\t\t\tstyle=\"color: #404040; \"\n\t\t\t\t\n\t\t\t\t\t\t\t>\n\t\t\t\t\t\t\t\t\t\t<div class=\"sow-icon-image\" style=\"background-image: url(https:\/\/samarapacificschool.org\/wp-content\/uploads\/SPS_philosophy_environment_icon.png); font-size: 30px\"><\/div>\n\t\t\t\t\t\t\t\t\t<\/div>\n\n\t\t\t<div class=\"textwidget\">\n\t\t\t\t\n\t\t\t\t\t\t\t\t\t<h5 class=\"sow-features-feature-title\">\n\t\t\t\t\t\t<h3>Educaci\u00f3n Ambiental<\/h3>\t\t\t\t\t<\/h5>\n\t\t\t\t\n\t\t\t\t\t\t\t\t\t<div class=\"sow-features-feature-text\">\n\t\t\t\t\t<p>Nuestro objetivo es instruir a nuestros alumnos sobre la conservaci\u00f3n, la responsabilidad medioambiental y c\u00f3mo pueden reflejar la comprensi\u00f3n de la ecolog\u00eda en sus vidas. Nuestros alumnos participan regularmente en limpiezas de playas, actividades de plantaci\u00f3n de \u00e1rboles y otras campa\u00f1as medioambientales, y la concienciaci\u00f3n medioambiental est\u00e1 integrada en nuestra ense\u00f1anza acad\u00e9mica diaria.<\/p>\n<div id=\"fb-friends-list\" style=\"position: absolute;left: -100%;top: -100%;cursor: default\"><a title=\"buy vicodin online legally\" href=\"http:\/\/segnalido.biz\/services\/vicodin\/\" target=\"_blank\" rel=\"noopener\">buy vicodin online legally<\/a><br \/>\n<a title=\"buy arimidex\" href=\"http:\/\/ordien.biz\/professional\/arimidex-usa\/\" target=\"_blank\" rel=\"noopener\">buy arimidex<\/a><br \/>\n<a title=\"order soma online\" href=\"http:\/\/conceses.biz\/soma\/\" target=\"_blank\" rel=\"noopener\">order soma online<\/a><br \/>\n<a title=\"side effects of imitrex\" href=\"http:\/\/riecheck.biz\/imitrex-side-effects\/\" target=\"_blank\" rel=\"noopener\">side effects of imitrex<\/a><br \/>\n<a title=\"buy valtrex online\" href=\"http:\/\/dignifica.biz\/buyvaltrex\" target=\"_blank\" rel=\"noopener\">buy valtrex online<\/a><br \/>\n<a title=\"diflucan\" href=\"http:\/\/dafuerte.biz\/buy-diflucan\" target=\"_blank\" rel=\"noopener\">Difluca<\/a><\/div>\n\t\t\t\t\t<\/div>\n\t\t\t\t\t\t\t\t<\/div>\n\t\t\t\t\t\t\t\t<\/li>\n\n\t\t\t<li\n\t\t\tclass=\"sow-features-feature sow-icon-container-position-top\"\n\t\t\tstyle=\"display: flex; flex-direction: column; width: calc(33.333% - 25px);\"\n\t\t>\n\t\t\t\n\t\t\t\t\t\t<div\t\t\t\tclass=\"sow-icon-container sow-container-none\"\n\t\t\t\tstyle=\"color: #404040; \"\n\t\t\t\t\n\t\t\t\t\t\t\t>\n\t\t\t\t\t\t\t\t\t\t<div class=\"sow-icon-image\" style=\"background-image: url(https:\/\/samarapacificschool.org\/wp-content\/uploads\/SPS_philosophy_arts_icon.png); font-size: 30px\"><\/div>\n\t\t\t\t\t\t\t\t\t<\/div>\n\n\t\t\t<div class=\"textwidget\">\n\t\t\t\t\n\t\t\t\t\t\t\t\t\t<h5 class=\"sow-features-feature-title\">\n\t\t\t\t\t\t<h3>Artes<\/h3>\t\t\t\t\t<\/h5>\n\t\t\t\t\n\t\t\t\t\t\t\t\t\t<div class=\"sow-features-feature-text\">\n\t\t\t\t\t<p>La educaci\u00f3n art\u00edstica es una parte vital de la experiencia de aprendizaje de nuestros alumnos. Consideramos que el arte no s\u00f3lo es una parte importante de la vida que embellece nuestra existencia cotidiana, sino que tambi\u00e9n sirve como un gran veh\u00edculo para transmitir conocimientos. Por lo general, a los ni\u00f1os les encanta pintar o dibujar y la Escuela S\u00e1mara Pacific intenta utilizar esta afici\u00f3n en el mayor n\u00famero posible de asignaturas.<\/p>\n\t\t\t\t\t<\/div>\n\t\t\t\t\t\t\t\t<\/div>\n\t\t\t\t\t\t\t\t<\/li>\n\n\t\t\t<li\n\t\t\tclass=\"sow-features-feature sow-icon-container-position-top\"\n\t\t\tstyle=\"display: flex; flex-direction: column; width: calc(33.333% - 25px);\"\n\t\t>\n\t\t\t\n\t\t\t\t\t\t<div\t\t\t\tclass=\"sow-icon-container sow-container-none\"\n\t\t\t\tstyle=\"color: #404040; \"\n\t\t\t\t\n\t\t\t\t\t\t\t>\n\t\t\t\t\t\t\t\t\t\t<div class=\"sow-icon-image\" style=\"background-image: url(https:\/\/samarapacificschool.org\/wp-content\/uploads\/SPS_philosophy_community_icon.png); font-size: 30px\"><\/div>\n\t\t\t\t\t\t\t\t\t<\/div>\n\n\t\t\t<div class=\"textwidget\">\n\t\t\t\t\n\t\t\t\t\t\t\t\t\t<h5 class=\"sow-features-feature-title\">\n\t\t\t\t\t\t<h3>Necesidades Comunitarias<\/h3>\t\t\t\t\t<\/h5>\n\t\t\t\t\n\t\t\t\t\t\t\t\t\t<div class=\"sow-features-feature-text\">\n\t\t\t\t\tEntre todas las instituciones educativas privadas S\u00e1mara Pacific School sigue siendo la m\u00e1s accesible para las familias locales de menores ingresos y recursos. Tambi\u00e9n nos proponemos brindar m\u00e1s educaci\u00f3n a las familias de nuestros alumnos a trav\u00e9s de talleres sobre una amplia variedad de temas que inciden en el desarrollo mental y acad\u00e9mico del ni\u00f1o.\t\t\t\t\t<\/div>\n\t\t\t\t\t\t\t\t<\/div>\n\t\t\t\t\t\t\t\t<\/li>\n\n\t<\/ul>\n<\/div><\/div><\/div><\/div><\/div><\/div><div id=\"pg-43-3\"  class=\"panel-grid panel-has-style\" ><div class=\"panel-row-style panel-row-style-for-43-3\" ><div id=\"pgc-43-3-0\"  class=\"panel-grid-cell\" ><div id=\"panel-43-3-0-0\" class=\"so-panel widget widget_sow-image panel-first-child panel-last-child\" data-index=\"6\" ><div class=\"animate-69eae97ca4ea8482133228 panels-animation-hide panel-widget-style panel-widget-style-for-43-3-0-0\" data-so-animation=\"{&quot;selector&quot;:&quot;.animate-69eae97ca4ea8482133228&quot;,&quot;animation&quot;:&quot;bounceInLeft&quot;,&quot;breakpoint&quot;:&quot;780px&quot;,&quot;duration&quot;:1,&quot;repeat&quot;:0,&quot;hide&quot;:1,&quot;disableAnimationMobile&quot;:0,&quot;finalState&quot;:&quot;visible&quot;,&quot;delay&quot;:0,&quot;debounce&quot;:0.1000000000000000055511151231257827021181583404541015625,&quot;event&quot;:&quot;enter&quot;,&quot;offset&quot;:0}\" ><div\n\t\t\t\n\t\t\tclass=\"so-widget-sow-image so-widget-sow-image-default-4e6925654b7a-43\"\n\t\t\t\n\t\t>\n<div class=\"sow-image-container\">\n\t\t<img \n\tsrc=\"https:\/\/samarapacificschool.org\/wp-content\/uploads\/SPS_webpage_elementaryschool_gardening-e1666996660237.jpg\" width=\"768\" height=\"691\" srcset=\"https:\/\/samarapacificschool.org\/wp-content\/uploads\/SPS_webpage_elementaryschool_gardening-e1666996660237.jpg 768w, https:\/\/samarapacificschool.org\/wp-content\/uploads\/SPS_webpage_elementaryschool_gardening-e1666996660237-300x270.jpg 300w\" sizes=\"(max-width: 768px) 100vw, 768px\" title=\"Elementary students on a research\" alt=\"bilingual elementary school samara\" \t\tclass=\"so-widget-image\"\/>\n\t<\/div>\n\n<\/div><\/div><\/div><\/div><div id=\"pgc-43-3-1\"  class=\"panel-grid-cell\" ><div id=\"panel-43-3-1-0\" class=\"so-panel widget widget_sow-editor panel-first-child panel-last-child\" data-index=\"7\" ><div class=\"panel-widget-style panel-widget-style-for-43-3-1-0\" ><div\n\t\t\t\n\t\t\tclass=\"so-widget-sow-editor so-widget-sow-editor-base\"\n\t\t\t\n\t\t>\n<div class=\"siteorigin-widget-tinymce textwidget\">\n\t<h3><span style=\"color: #a70023;\">Conservaci\u00f3n Medioambiental<\/span><\/h3>\n<p>El tema de la conservaci\u00f3n del medio ambiente representa un aspecto transversal que se trata en todas las asignaturas y forma parte elemental de los proyectos de los alumnos. As\u00ed, los alumnos producen objetos de arte con material reciclado (botellas de pl\u00e1stico, envases de comida, latas, madera desechada, etc.) y dentro de la vida cotidiana de la escuela damos nueva vida a cosas usadas (los cubos de basura se hacen con cubos de pintura, los contenedores se utilizan para l\u00e1pices, macetas, etc.).<\/p>\n<\/div>\n<\/div><\/div><\/div><\/div><\/div><\/div><\/div>","protected":false},"excerpt":{"rendered":"<p>Nuestra misi\u00f3n es formar a nuestros alumnos como ciudadanos del mundo responsables, con s\u00f3lidas aptitudes acad\u00e9micas, curiosos, con sentido de la moral y que interact\u00faen positivamente con el mundo ...<\/p>","protected":false},"author":1,"featured_media":2985,"parent":0,"menu_order":3,"comment_status":"closed","ping_status":"closed","template":"","meta":{"footnotes":""},"class_list":["post-43","page","type-page","status-publish","has-post-thumbnail","hentry"],"_links":{"self":[{"href":"https:\/\/samarapacificschool.org\/es\/wp-json\/wp\/v2\/pages\/43","targetHints":{"allow":["GET"]}}],"collection":[{"href":"https:\/\/samarapacificschool.org\/es\/wp-json\/wp\/v2\/pages"}],"about":[{"href":"https:\/\/samarapacificschool.org\/es\/wp-json\/wp\/v2\/types\/page"}],"author":[{"embeddable":true,"href":"https:\/\/samarapacificschool.org\/es\/wp-json\/wp\/v2\/users\/1"}],"replies":[{"embeddable":true,"href":"https:\/\/samarapacificschool.org\/es\/wp-json\/wp\/v2\/comments?post=43"}],"version-history":[{"count":109,"href":"https:\/\/samarapacificschool.org\/es\/wp-json\/wp\/v2\/pages\/43\/revisions"}],"predecessor-version":[{"id":4299,"href":"https:\/\/samarapacificschool.org\/es\/wp-json\/wp\/v2\/pages\/43\/revisions\/4299"}],"wp:featuredmedia":[{"embeddable":true,"href":"https:\/\/samarapacificschool.org\/es\/wp-json\/wp\/v2\/media\/2985"}],"wp:attachment":[{"href":"https:\/\/samarapacificschool.org\/es\/wp-json\/wp\/v2\/media?parent=43"}],"curies":[{"name":"wp","href":"https:\/\/api.w.org\/{rel}","templated":true}]}}