{"id":357,"date":"2014-03-23T16:37:38","date_gmt":"2014-03-23T22:37:38","guid":{"rendered":"http:\/\/pacificschoolonline.org\/wp\/?page_id=357"},"modified":"2023-11-05T18:14:07","modified_gmt":"2023-11-06T00:14:07","slug":"school-calender","status":"publish","type":"page","link":"https:\/\/samarapacificschool.org\/es\/school-calender\/","title":{"rendered":"Calendario Escolar"},"content":{"rendered":"<div id=\"pl-357\"  class=\"panel-layout\" ><div id=\"pg-357-0\"  class=\"panel-grid panel-has-style\" ><div class=\"panel-row-style panel-row-style-for-357-0\" ><div id=\"pgc-357-0-0\"  class=\"panel-grid-cell\" ><div id=\"panel-357-0-0-0\" class=\"so-panel widget widget_sow-headline panel-first-child\" data-index=\"0\" ><div\n\t\t\t\n\t\t\tclass=\"so-widget-sow-headline so-widget-sow-headline-default-6deb7ca510ad-357\"\n\t\t\t\n\t\t><div class=\"sow-headline-container\">\n\t\t\t\t\t\t\t<h1 class=\"sow-headline\">\n\t\t\t\t\t\tVacaciones Escolares y Fiestas Nacionales\t\t\t\t\t\t<\/h1>\n\t\t\t\t\t\t\t\t\t\t\t<div class=\"decoration\">\n\t\t\t\t\t\t<div class=\"decoration-inside\"><\/div>\n\t\t\t\t\t<\/div>\n\t\t\t\t\t\t\t\t\t\t\t<h3 class=\"sow-sub-headline\">\n\t\t\t\t\t\tSeguimos las vacaciones y d\u00edas festivos del MEP.\t\t\t\t\t\t<\/h3>\n\t\t\t\t\t\t<\/div>\n<\/div><\/div><div id=\"panel-357-0-0-1\" class=\"so-panel widget widget_sow-editor\" data-index=\"1\" ><div\n\t\t\t\n\t\t\tclass=\"so-widget-sow-editor so-widget-sow-editor-base\"\n\t\t\t\n\t\t>\n<div class=\"siteorigin-widget-tinymce textwidget\">\n\t<p style=\"text-align: center;\"><strong>El a\u00f1o acad\u00e9mico costarricense va de mediados de noviembre a mediados de diciembre.<\/strong> El primer semestre comienza normalmente en la segunda semana de febrero. Este semestre termina a finales de junio, seguido de dos semanas de vacaciones en julio (siempre las dos primeras semanas del mes llamadas \"vacaciones del invierno\"). El segundo semestre comienza la tercera semana de julio y dura hasta mediados de diciembre.<\/p>\n<p style=\"text-align: center;\"><strong>Tambi\u00e9n tenemos una semana de vacaciones en octubre (unas peque\u00f1as vacaciones en temporada de lluvias).<\/strong><\/p>\n<p style=\"text-align: center;\"><strong>La fecha oficial de inicio del nuevo curso escolar ser\u00e1 anunciada por el MEP a finales de diciembre.<\/strong> Bas\u00e1ndonos en a\u00f1os anteriores, creemos que ser\u00e1 alrededor del 13 de febrero.<\/p>\n<\/div>\n<\/div><\/div><div id=\"panel-357-0-0-2\" class=\"so-panel widget widget_sow-headline\" data-index=\"2\" ><div\n\t\t\t\n\t\t\tclass=\"so-widget-sow-headline so-widget-sow-headline-default-ae3cf09ad098-357\"\n\t\t\t\n\t\t><div class=\"sow-headline-container\">\n\t\t\t\t\t\t\t<h2 class=\"sow-headline\">\n\t\t\t\t\t\tCalendario Escolar 2023\t\t\t\t\t\t<\/h2>\n\t\t\t\t\t\t<\/div>\n<\/div><\/div><div id=\"panel-357-0-0-3\" class=\"so-panel widget widget_sow-image\" data-index=\"3\" ><div class=\"panel-widget-style panel-widget-style-for-357-0-0-3\" ><div\n\t\t\t\n\t\t\tclass=\"so-widget-sow-image so-widget-sow-image-default-c67d20f9f743-357\"\n\t\t\t\n\t\t>\n<div class=\"sow-image-container\">\n\t\t<img \n\tsrc=\"https:\/\/samarapacificschool.org\/wp-content\/uploads\/calendario_2023-795x1024.webp\" width=\"795\" height=\"1024\" srcset=\"https:\/\/samarapacificschool.org\/wp-content\/uploads\/calendario_2023-795x1024.webp 795w, https:\/\/samarapacificschool.org\/wp-content\/uploads\/calendario_2023-233x300.webp 233w, https:\/\/samarapacificschool.org\/wp-content\/uploads\/calendario_2023-768x990.webp 768w, https:\/\/samarapacificschool.org\/wp-content\/uploads\/calendario_2023-1192x1536.webp 1192w, https:\/\/samarapacificschool.org\/wp-content\/uploads\/calendario_2023-1589x2048.webp 1589w, https:\/\/samarapacificschool.org\/wp-content\/uploads\/calendario_2023-9x12.webp 9w, https:\/\/samarapacificschool.org\/wp-content\/uploads\/calendario_2023-scaled.webp 1987w\" sizes=\"(max-width: 795px) 100vw, 795px\" title=\"Calendario Escolar 2023\" alt=\"school calendar 2023 samara pacific school\" \t\tclass=\"so-widget-image\"\/>\n\t<\/div>\n\n<\/div><\/div><\/div><div id=\"panel-357-0-0-4\" class=\"so-panel widget widget_sow-button panel-last-child\" data-index=\"4\" ><div class=\"panel-widget-style panel-widget-style-for-357-0-0-4\" ><div\n\t\t\t\n\t\t\tclass=\"so-widget-sow-button so-widget-sow-button-flat-69dc148a0f9f-357\"\n\t\t\t\n\t\t><div class=\"ow-button-base ow-button-align-center\"\n>\n\t\t\t<a\n\t\t\t\t\thref=\"https:\/\/samarapacificschool.org\/es\/contact-us\/\"\n\t\t\t\t\tclass=\"sowb-button ow-icon-placement-left ow-button-hover\" \t>\n\t\t<span>\n\t\t\t\n\t\t\t\u00bfTIENES ALGUNA PREGUNTA? CONT\u00c1CTANOS.\t\t<\/span>\n\t\t\t<\/a>\n\t<\/div>\n<\/div><\/div><\/div><\/div><\/div><\/div><\/div>","protected":false},"excerpt":{"rendered":"<p>The Costa Rican academic year runs from mid-November until mid-December. The first semester normally starts in the second week of February. This semester ends by the end of June, followed &#8230;<\/p>","protected":false},"author":1,"featured_media":3462,"parent":0,"menu_order":0,"comment_status":"closed","ping_status":"closed","template":"","meta":{"footnotes":""},"class_list":["post-357","page","type-page","status-publish","has-post-thumbnail","hentry"],"_links":{"self":[{"href":"https:\/\/samarapacificschool.org\/es\/wp-json\/wp\/v2\/pages\/357","targetHints":{"allow":["GET"]}}],"collection":[{"href":"https:\/\/samarapacificschool.org\/es\/wp-json\/wp\/v2\/pages"}],"about":[{"href":"https:\/\/samarapacificschool.org\/es\/wp-json\/wp\/v2\/types\/page"}],"author":[{"embeddable":true,"href":"https:\/\/samarapacificschool.org\/es\/wp-json\/wp\/v2\/users\/1"}],"replies":[{"embeddable":true,"href":"https:\/\/samarapacificschool.org\/es\/wp-json\/wp\/v2\/comments?post=357"}],"version-history":[{"count":30,"href":"https:\/\/samarapacificschool.org\/es\/wp-json\/wp\/v2\/pages\/357\/revisions"}],"predecessor-version":[{"id":4312,"href":"https:\/\/samarapacificschool.org\/es\/wp-json\/wp\/v2\/pages\/357\/revisions\/4312"}],"wp:featuredmedia":[{"embeddable":true,"href":"https:\/\/samarapacificschool.org\/es\/wp-json\/wp\/v2\/media\/3462"}],"wp:attachment":[{"href":"https:\/\/samarapacificschool.org\/es\/wp-json\/wp\/v2\/media?parent=357"}],"curies":[{"name":"wp","href":"https:\/\/api.w.org\/{rel}","templated":true}]}}